{"id":52,"date":"2015-03-17T13:39:27","date_gmt":"2015-03-17T12:39:27","guid":{"rendered":"http:\/\/www.inzko.at\/?page_id=52"},"modified":"2026-03-22T12:32:14","modified_gmt":"2026-03-22T11:32:14","slug":"netzwerktechnik","status":"publish","type":"page","link":"https:\/\/www.inzko.at\/?page_id=52","title":{"rendered":"System- und Netzwerktechnik"},"content":{"rendered":"<p data-start=\"149\" data-end=\"437\">Wir befassen uns laufend mit den aktuellen System-, Netzwerk- und Plattformtechnologien. Dazu geh\u00f6ren nicht nur klassische Client- und Serverumgebungen, sondern auch <strong data-start=\"315\" data-end=\"436\">mobile Endger\u00e4te, virtualisierte Infrastrukturen, Cloud-Dienste, hybride Systemlandschaften und vernetzte Komponenten<\/strong>.<\/p>\n<p data-start=\"439\" data-end=\"814\">Wir untersuchen technische Zusammenh\u00e4nge in Netzwerken und IT-Systemen umfassend und f\u00fchren fundierte Fehler- und Ursachenanalysen durch. Dies betrifft sowohl einzelne Ger\u00e4te als auch komplexe, miteinander verbundene IT-Umgebungen. Dabei k\u00f6nnen wir <strong data-start=\"688\" data-end=\"788\">Kommunikationsabl\u00e4ufe, Konfigurationen, Systemverhalten und sicherheitsrelevante Auff\u00e4lligkeiten<\/strong> nachvollziehbar bewerten.<\/p>\n<p data-start=\"816\" data-end=\"1092\">F\u00fcr die gutachterliche T\u00e4tigkeit ist dieses Fachgebiet von zentraler Bedeutung, weil zahlreiche Streitigkeiten im IT-Bereich ihre Ursache in <strong data-start=\"957\" data-end=\"1085\">Systemarchitekturen, Netzwerkkommunikation, Sicherheitskonfigurationen, Ausf\u00e4llen, Fehlfunktionen oder Integrationsproblemen<\/strong> haben.<\/p>\n<p data-start=\"1094\" data-end=\"1161\"><strong data-start=\"1094\" data-end=\"1161\">Insbesondere k\u00f6nnen wir unter anderem folgende Themen abdecken:<\/strong><\/p>\n<ul data-start=\"1163\" data-end=\"1852\">\n<li data-section-id=\"18qlvba\" data-start=\"1163\" data-end=\"1211\">Netzwerkarchitekturen und Netzwerktopologien<\/li>\n<li data-section-id=\"ji227p\" data-start=\"1212\" data-end=\"1275\">Kommunikation in Netzwerken auf Protokoll- und Diensteebene<\/li>\n<li data-section-id=\"s8oa6t\" data-start=\"1276\" data-end=\"1338\">Aufbau, Funktion und Zusammenspiel von Netzwerkkomponenten<\/li>\n<li data-section-id=\"1bgb0ts\" data-start=\"1339\" data-end=\"1386\">Firewall-, Sicherheits- und Zugriffssysteme<\/li>\n<li data-section-id=\"j9oe6a\" data-start=\"1387\" data-end=\"1439\">Server-, Storage- und Virtualisierungsumgebungen<\/li>\n<li data-section-id=\"jqobwv\" data-start=\"1440\" data-end=\"1493\">Client-Server-Kommunikation und verteilte Systeme<\/li>\n<li data-section-id=\"ukuugv\" data-start=\"1494\" data-end=\"1551\">Cloud-, Hybrid- und containerbasierte Infrastrukturen<\/li>\n<li data-section-id=\"17143bk\" data-start=\"1552\" data-end=\"1612\">Windows-basierte Systeme und Active-Directory-Umgebungen<\/li>\n<li data-section-id=\"xiqa84\" data-start=\"1613\" data-end=\"1649\">Linux- und Unix-basierte Systeme<\/li>\n<li data-section-id=\"1p4e5uh\" data-start=\"1650\" data-end=\"1696\">macOS- und Apple-basierte Systemumgebungen<\/li>\n<li data-section-id=\"1r7pp3r\" data-start=\"1697\" data-end=\"1760\">Mobile Ger\u00e4te und deren Einbindung in Unternehmensnetzwerke<\/li>\n<li data-section-id=\"nmpbm4\" data-start=\"1761\" data-end=\"1852\">Fehleranalyse, St\u00f6rungsursachen und technische Nachvollziehbarkeit komplexer IT-Abl\u00e4ufe<\/li>\n<\/ul>\n<div class=\"pvc_clear\"><\/div>\n<p id=\"pvc_stats_52\" class=\"pvc_stats all  \" data-element-id=\"52\" style=\"\"><i class=\"pvc-stats-icon medium\" aria-hidden=\"true\"><svg aria-hidden=\"true\" focusable=\"false\" data-prefix=\"far\" data-icon=\"chart-bar\" role=\"img\" xmlns=\"http:\/\/www.w3.org\/2000\/svg\" viewBox=\"0 0 512 512\" class=\"svg-inline--fa fa-chart-bar fa-w-16 fa-2x\"><path fill=\"currentColor\" d=\"M396.8 352h22.4c6.4 0 12.8-6.4 12.8-12.8V108.8c0-6.4-6.4-12.8-12.8-12.8h-22.4c-6.4 0-12.8 6.4-12.8 12.8v230.4c0 6.4 6.4 12.8 12.8 12.8zm-192 0h22.4c6.4 0 12.8-6.4 12.8-12.8V140.8c0-6.4-6.4-12.8-12.8-12.8h-22.4c-6.4 0-12.8 6.4-12.8 12.8v198.4c0 6.4 6.4 12.8 12.8 12.8zm96 0h22.4c6.4 0 12.8-6.4 12.8-12.8V204.8c0-6.4-6.4-12.8-12.8-12.8h-22.4c-6.4 0-12.8 6.4-12.8 12.8v134.4c0 6.4 6.4 12.8 12.8 12.8zM496 400H48V80c0-8.84-7.16-16-16-16H16C7.16 64 0 71.16 0 80v336c0 17.67 14.33 32 32 32h464c8.84 0 16-7.16 16-16v-16c0-8.84-7.16-16-16-16zm-387.2-48h22.4c6.4 0 12.8-6.4 12.8-12.8v-70.4c0-6.4-6.4-12.8-12.8-12.8h-22.4c-6.4 0-12.8 6.4-12.8 12.8v70.4c0 6.4 6.4 12.8 12.8 12.8z\" class=\"\"><\/path><\/svg><\/i> <img loading=\"lazy\" decoding=\"async\" width=\"16\" height=\"16\" alt=\"Loading\" src=\"https:\/\/www.inzko.at\/wp-content\/plugins\/page-views-count\/ajax-loader-2x.gif\" border=0 \/><\/p>\n<div class=\"pvc_clear\"><\/div>\n","protected":false},"excerpt":{"rendered":"<p>Wir befassen uns laufend mit den aktuellen System-, Netzwerk- und Plattformtechnologien. Dazu geh\u00f6ren nicht nur klassische Client- und Serverumgebungen, sondern auch mobile Endger\u00e4te, virtualisierte Infrastrukturen, Cloud-Dienste, hybride Systemlandschaften [&hellip;]<\/p>\n<div class=\"pvc_clear\"><\/div>\n<p id=\"pvc_stats_52\" class=\"pvc_stats all  \" data-element-id=\"52\" style=\"\"><i class=\"pvc-stats-icon medium\" aria-hidden=\"true\"><svg aria-hidden=\"true\" focusable=\"false\" data-prefix=\"far\" data-icon=\"chart-bar\" role=\"img\" xmlns=\"http:\/\/www.w3.org\/2000\/svg\" viewBox=\"0 0 512 512\" class=\"svg-inline--fa fa-chart-bar fa-w-16 fa-2x\"><path fill=\"currentColor\" d=\"M396.8 352h22.4c6.4 0 12.8-6.4 12.8-12.8V108.8c0-6.4-6.4-12.8-12.8-12.8h-22.4c-6.4 0-12.8 6.4-12.8 12.8v230.4c0 6.4 6.4 12.8 12.8 12.8zm-192 0h22.4c6.4 0 12.8-6.4 12.8-12.8V140.8c0-6.4-6.4-12.8-12.8-12.8h-22.4c-6.4 0-12.8 6.4-12.8 12.8v198.4c0 6.4 6.4 12.8 12.8 12.8zm96 0h22.4c6.4 0 12.8-6.4 12.8-12.8V204.8c0-6.4-6.4-12.8-12.8-12.8h-22.4c-6.4 0-12.8 6.4-12.8 12.8v134.4c0 6.4 6.4 12.8 12.8 12.8zM496 400H48V80c0-8.84-7.16-16-16-16H16C7.16 64 0 71.16 0 80v336c0 17.67 14.33 32 32 32h464c8.84 0 16-7.16 16-16v-16c0-8.84-7.16-16-16-16zm-387.2-48h22.4c6.4 0 12.8-6.4 12.8-12.8v-70.4c0-6.4-6.4-12.8-12.8-12.8h-22.4c-6.4 0-12.8 6.4-12.8 12.8v70.4c0 6.4 6.4 12.8 12.8 12.8z\" class=\"\"><\/path><\/svg><\/i> <img loading=\"lazy\" decoding=\"async\" width=\"16\" height=\"16\" alt=\"Loading\" src=\"https:\/\/www.inzko.at\/wp-content\/plugins\/page-views-count\/ajax-loader-2x.gif\" border=0 \/><\/p>\n<div class=\"pvc_clear\"><\/div>\n","protected":false},"author":1,"featured_media":0,"parent":0,"menu_order":0,"comment_status":"open","ping_status":"open","template":"template-fullwidth.php","meta":{"footnotes":""},"class_list":["post-52","page","type-page","status-publish","hentry"],"yoast_head":"<!-- This site is optimized with the Yoast SEO plugin v27.3 - https:\/\/yoast.com\/product\/yoast-seo-wordpress\/ -->\n<title>System- und Netzwerktechnik &#183; Mag. Christian Inzko<\/title>\n<meta name=\"robots\" content=\"index, follow, max-snippet:-1, max-image-preview:large, max-video-preview:-1\" \/>\n<link rel=\"canonical\" href=\"https:\/\/www.inzko.at\/?page_id=52\" \/>\n<meta property=\"og:locale\" content=\"de_DE\" \/>\n<meta property=\"og:type\" content=\"article\" \/>\n<meta property=\"og:title\" content=\"System- und Netzwerktechnik &#183; Mag. Christian Inzko\" \/>\n<meta property=\"og:description\" content=\"Wir besch\u00e4ftigen uns permanent mit den aktuellen System- und Netzwerktechnologien. Egal ob mobile Endger\u00e4te, Client- oder Serverarchitekturen, alle im Netzwerk befindlichen Komponenten k\u00f6nnen von uns untersucht werden sowie eine dementsprechende Fehleranalyse kann durchgef\u00fchrt werden. F\u00fcr die Gutachtert\u00e4tigkeit ist dieses Fachgebiet sehr wichtig, weil es die Grundlage f\u00fcr die meisten Streitigkeiten im IT Bereich bildet. Explizit \u2026\" \/>\n<meta property=\"og:url\" content=\"https:\/\/www.inzko.at\/?page_id=52\" \/>\n<meta property=\"og:site_name\" content=\"Mag. Christian Inzko\" \/>\n<meta property=\"article:modified_time\" content=\"2026-03-22T11:32:14+00:00\" \/>\n<meta name=\"twitter:card\" content=\"summary_large_image\" \/>\n<meta name=\"twitter:label1\" content=\"Gesch\u00e4tzte Lesezeit\" \/>\n\t<meta name=\"twitter:data1\" content=\"1\u00a0Minute\" \/>\n<script type=\"application\/ld+json\" class=\"yoast-schema-graph\">{\"@context\":\"https:\\\/\\\/schema.org\",\"@graph\":[{\"@type\":\"WebPage\",\"@id\":\"https:\\\/\\\/www.inzko.at\\\/?page_id=52\",\"url\":\"https:\\\/\\\/www.inzko.at\\\/?page_id=52\",\"name\":\"System- und Netzwerktechnik &#183; Mag. Christian Inzko\",\"isPartOf\":{\"@id\":\"https:\\\/\\\/www.inzko.at\\\/#website\"},\"datePublished\":\"2015-03-17T12:39:27+00:00\",\"dateModified\":\"2026-03-22T11:32:14+00:00\",\"breadcrumb\":{\"@id\":\"https:\\\/\\\/www.inzko.at\\\/?page_id=52#breadcrumb\"},\"inLanguage\":\"de\",\"potentialAction\":[{\"@type\":\"ReadAction\",\"target\":[\"https:\\\/\\\/www.inzko.at\\\/?page_id=52\"]}]},{\"@type\":\"BreadcrumbList\",\"@id\":\"https:\\\/\\\/www.inzko.at\\\/?page_id=52#breadcrumb\",\"itemListElement\":[{\"@type\":\"ListItem\",\"position\":1,\"name\":\"Startseite\",\"item\":\"https:\\\/\\\/www.inzko.at\\\/\"},{\"@type\":\"ListItem\",\"position\":2,\"name\":\"System- und Netzwerktechnik\"}]},{\"@type\":\"WebSite\",\"@id\":\"https:\\\/\\\/www.inzko.at\\\/#website\",\"url\":\"https:\\\/\\\/www.inzko.at\\\/\",\"name\":\"Mag. Christian Inzko\",\"description\":\"gerichtlich beeideter Sachverst\u00e4ndiger f\u00fcr IT\",\"publisher\":{\"@id\":\"https:\\\/\\\/www.inzko.at\\\/#\\\/schema\\\/person\\\/a64cdb345fefde69fef6bbed6e1e2979\"},\"potentialAction\":[{\"@type\":\"SearchAction\",\"target\":{\"@type\":\"EntryPoint\",\"urlTemplate\":\"https:\\\/\\\/www.inzko.at\\\/?s={search_term_string}\"},\"query-input\":{\"@type\":\"PropertyValueSpecification\",\"valueRequired\":true,\"valueName\":\"search_term_string\"}}],\"inLanguage\":\"de\"},{\"@type\":[\"Person\",\"Organization\"],\"@id\":\"https:\\\/\\\/www.inzko.at\\\/#\\\/schema\\\/person\\\/a64cdb345fefde69fef6bbed6e1e2979\",\"name\":\"admin\",\"image\":{\"@type\":\"ImageObject\",\"inLanguage\":\"de\",\"@id\":\"https:\\\/\\\/secure.gravatar.com\\\/avatar\\\/c74d7d208ff53de21c94657153f5f1b051c5c3bea2ef11873bb6418d791b5124?s=96&d=mm&r=g\",\"url\":\"https:\\\/\\\/secure.gravatar.com\\\/avatar\\\/c74d7d208ff53de21c94657153f5f1b051c5c3bea2ef11873bb6418d791b5124?s=96&d=mm&r=g\",\"contentUrl\":\"https:\\\/\\\/secure.gravatar.com\\\/avatar\\\/c74d7d208ff53de21c94657153f5f1b051c5c3bea2ef11873bb6418d791b5124?s=96&d=mm&r=g\",\"caption\":\"admin\"},\"logo\":{\"@id\":\"https:\\\/\\\/secure.gravatar.com\\\/avatar\\\/c74d7d208ff53de21c94657153f5f1b051c5c3bea2ef11873bb6418d791b5124?s=96&d=mm&r=g\"},\"sameAs\":[\"http:\\\/\\\/www.inzko.at\",\"https:\\\/\\\/www.linkedin.com\\\/in\\\/christian-inzko-a1824294\\\/\"]}]}<\/script>\n<!-- \/ Yoast SEO plugin. -->","yoast_head_json":{"title":"System- und Netzwerktechnik &#183; Mag. Christian Inzko","robots":{"index":"index","follow":"follow","max-snippet":"max-snippet:-1","max-image-preview":"max-image-preview:large","max-video-preview":"max-video-preview:-1"},"canonical":"https:\/\/www.inzko.at\/?page_id=52","og_locale":"de_DE","og_type":"article","og_title":"System- und Netzwerktechnik &#183; Mag. Christian Inzko","og_description":"Wir besch\u00e4ftigen uns permanent mit den aktuellen System- und Netzwerktechnologien. Egal ob mobile Endger\u00e4te, Client- oder Serverarchitekturen, alle im Netzwerk befindlichen Komponenten k\u00f6nnen von uns untersucht werden sowie eine dementsprechende Fehleranalyse kann durchgef\u00fchrt werden. F\u00fcr die Gutachtert\u00e4tigkeit ist dieses Fachgebiet sehr wichtig, weil es die Grundlage f\u00fcr die meisten Streitigkeiten im IT Bereich bildet. Explizit \u2026","og_url":"https:\/\/www.inzko.at\/?page_id=52","og_site_name":"Mag. Christian Inzko","article_modified_time":"2026-03-22T11:32:14+00:00","twitter_card":"summary_large_image","twitter_misc":{"Gesch\u00e4tzte Lesezeit":"1\u00a0Minute"},"schema":{"@context":"https:\/\/schema.org","@graph":[{"@type":"WebPage","@id":"https:\/\/www.inzko.at\/?page_id=52","url":"https:\/\/www.inzko.at\/?page_id=52","name":"System- und Netzwerktechnik &#183; Mag. Christian Inzko","isPartOf":{"@id":"https:\/\/www.inzko.at\/#website"},"datePublished":"2015-03-17T12:39:27+00:00","dateModified":"2026-03-22T11:32:14+00:00","breadcrumb":{"@id":"https:\/\/www.inzko.at\/?page_id=52#breadcrumb"},"inLanguage":"de","potentialAction":[{"@type":"ReadAction","target":["https:\/\/www.inzko.at\/?page_id=52"]}]},{"@type":"BreadcrumbList","@id":"https:\/\/www.inzko.at\/?page_id=52#breadcrumb","itemListElement":[{"@type":"ListItem","position":1,"name":"Startseite","item":"https:\/\/www.inzko.at\/"},{"@type":"ListItem","position":2,"name":"System- und Netzwerktechnik"}]},{"@type":"WebSite","@id":"https:\/\/www.inzko.at\/#website","url":"https:\/\/www.inzko.at\/","name":"Mag. Christian Inzko","description":"gerichtlich beeideter Sachverst\u00e4ndiger f\u00fcr IT","publisher":{"@id":"https:\/\/www.inzko.at\/#\/schema\/person\/a64cdb345fefde69fef6bbed6e1e2979"},"potentialAction":[{"@type":"SearchAction","target":{"@type":"EntryPoint","urlTemplate":"https:\/\/www.inzko.at\/?s={search_term_string}"},"query-input":{"@type":"PropertyValueSpecification","valueRequired":true,"valueName":"search_term_string"}}],"inLanguage":"de"},{"@type":["Person","Organization"],"@id":"https:\/\/www.inzko.at\/#\/schema\/person\/a64cdb345fefde69fef6bbed6e1e2979","name":"admin","image":{"@type":"ImageObject","inLanguage":"de","@id":"https:\/\/secure.gravatar.com\/avatar\/c74d7d208ff53de21c94657153f5f1b051c5c3bea2ef11873bb6418d791b5124?s=96&d=mm&r=g","url":"https:\/\/secure.gravatar.com\/avatar\/c74d7d208ff53de21c94657153f5f1b051c5c3bea2ef11873bb6418d791b5124?s=96&d=mm&r=g","contentUrl":"https:\/\/secure.gravatar.com\/avatar\/c74d7d208ff53de21c94657153f5f1b051c5c3bea2ef11873bb6418d791b5124?s=96&d=mm&r=g","caption":"admin"},"logo":{"@id":"https:\/\/secure.gravatar.com\/avatar\/c74d7d208ff53de21c94657153f5f1b051c5c3bea2ef11873bb6418d791b5124?s=96&d=mm&r=g"},"sameAs":["http:\/\/www.inzko.at","https:\/\/www.linkedin.com\/in\/christian-inzko-a1824294\/"]}]}},"_links":{"self":[{"href":"https:\/\/www.inzko.at\/index.php?rest_route=\/wp\/v2\/pages\/52","targetHints":{"allow":["GET"]}}],"collection":[{"href":"https:\/\/www.inzko.at\/index.php?rest_route=\/wp\/v2\/pages"}],"about":[{"href":"https:\/\/www.inzko.at\/index.php?rest_route=\/wp\/v2\/types\/page"}],"author":[{"embeddable":true,"href":"https:\/\/www.inzko.at\/index.php?rest_route=\/wp\/v2\/users\/1"}],"replies":[{"embeddable":true,"href":"https:\/\/www.inzko.at\/index.php?rest_route=%2Fwp%2Fv2%2Fcomments&post=52"}],"version-history":[{"count":4,"href":"https:\/\/www.inzko.at\/index.php?rest_route=\/wp\/v2\/pages\/52\/revisions"}],"predecessor-version":[{"id":192,"href":"https:\/\/www.inzko.at\/index.php?rest_route=\/wp\/v2\/pages\/52\/revisions\/192"}],"wp:attachment":[{"href":"https:\/\/www.inzko.at\/index.php?rest_route=%2Fwp%2Fv2%2Fmedia&parent=52"}],"curies":[{"name":"wp","href":"https:\/\/api.w.org\/{rel}","templated":true}]}}