{"id":43,"date":"2015-03-17T13:37:55","date_gmt":"2015-03-17T12:37:55","guid":{"rendered":"http:\/\/www.inzko.at\/?page_id=43"},"modified":"2015-03-24T13:39:09","modified_gmt":"2015-03-24T12:39:09","slug":"beweissicherung","status":"publish","type":"page","link":"https:\/\/www.inzko.at\/?page_id=43","title":{"rendered":"Beweissicherung"},"content":{"rendered":"<p>In vielen F\u00e4llen spielt die Beweissicherung eine grosse Rolle und sie sollte schnell erfolgen, weil sonst gro\u00dfer Schaden oder erhebliche Mehrkosten entstehen k\u00f6nnen.<\/p>\n<p>Wir k\u00f6nnen daher mit professionellen Technologien und Handlungsweisen, den IST Zustand vor einer Weiterentwicklung von Daten sicherstellen, ume eine sp\u00e4tere, zeitlich unkritische Analyse und Begutachtung durchzuf\u00fchren.<\/p>\n<div class=\"pvc_clear\"><\/div>\n<p id=\"pvc_stats_43\" class=\"pvc_stats all  \" data-element-id=\"43\" style=\"\"><i class=\"pvc-stats-icon medium\" aria-hidden=\"true\"><svg aria-hidden=\"true\" focusable=\"false\" data-prefix=\"far\" data-icon=\"chart-bar\" role=\"img\" xmlns=\"http:\/\/www.w3.org\/2000\/svg\" viewBox=\"0 0 512 512\" class=\"svg-inline--fa fa-chart-bar fa-w-16 fa-2x\"><path fill=\"currentColor\" d=\"M396.8 352h22.4c6.4 0 12.8-6.4 12.8-12.8V108.8c0-6.4-6.4-12.8-12.8-12.8h-22.4c-6.4 0-12.8 6.4-12.8 12.8v230.4c0 6.4 6.4 12.8 12.8 12.8zm-192 0h22.4c6.4 0 12.8-6.4 12.8-12.8V140.8c0-6.4-6.4-12.8-12.8-12.8h-22.4c-6.4 0-12.8 6.4-12.8 12.8v198.4c0 6.4 6.4 12.8 12.8 12.8zm96 0h22.4c6.4 0 12.8-6.4 12.8-12.8V204.8c0-6.4-6.4-12.8-12.8-12.8h-22.4c-6.4 0-12.8 6.4-12.8 12.8v134.4c0 6.4 6.4 12.8 12.8 12.8zM496 400H48V80c0-8.84-7.16-16-16-16H16C7.16 64 0 71.16 0 80v336c0 17.67 14.33 32 32 32h464c8.84 0 16-7.16 16-16v-16c0-8.84-7.16-16-16-16zm-387.2-48h22.4c6.4 0 12.8-6.4 12.8-12.8v-70.4c0-6.4-6.4-12.8-12.8-12.8h-22.4c-6.4 0-12.8 6.4-12.8 12.8v70.4c0 6.4 6.4 12.8 12.8 12.8z\" class=\"\"><\/path><\/svg><\/i> <img loading=\"lazy\" decoding=\"async\" width=\"16\" height=\"16\" alt=\"Loading\" src=\"https:\/\/www.inzko.at\/wp-content\/plugins\/page-views-count\/ajax-loader-2x.gif\" border=0 \/><\/p>\n<div class=\"pvc_clear\"><\/div>\n","protected":false},"excerpt":{"rendered":"<p>In vielen F\u00e4llen spielt die Beweissicherung eine grosse Rolle und sie sollte schnell erfolgen, weil sonst gro\u00dfer Schaden oder erhebliche Mehrkosten entstehen k\u00f6nnen. Wir k\u00f6nnen daher mit professionellen [&hellip;]<\/p>\n<div class=\"pvc_clear\"><\/div>\n<p id=\"pvc_stats_43\" class=\"pvc_stats all  \" data-element-id=\"43\" style=\"\"><i class=\"pvc-stats-icon medium\" aria-hidden=\"true\"><svg aria-hidden=\"true\" focusable=\"false\" data-prefix=\"far\" data-icon=\"chart-bar\" role=\"img\" xmlns=\"http:\/\/www.w3.org\/2000\/svg\" viewBox=\"0 0 512 512\" class=\"svg-inline--fa fa-chart-bar fa-w-16 fa-2x\"><path fill=\"currentColor\" d=\"M396.8 352h22.4c6.4 0 12.8-6.4 12.8-12.8V108.8c0-6.4-6.4-12.8-12.8-12.8h-22.4c-6.4 0-12.8 6.4-12.8 12.8v230.4c0 6.4 6.4 12.8 12.8 12.8zm-192 0h22.4c6.4 0 12.8-6.4 12.8-12.8V140.8c0-6.4-6.4-12.8-12.8-12.8h-22.4c-6.4 0-12.8 6.4-12.8 12.8v198.4c0 6.4 6.4 12.8 12.8 12.8zm96 0h22.4c6.4 0 12.8-6.4 12.8-12.8V204.8c0-6.4-6.4-12.8-12.8-12.8h-22.4c-6.4 0-12.8 6.4-12.8 12.8v134.4c0 6.4 6.4 12.8 12.8 12.8zM496 400H48V80c0-8.84-7.16-16-16-16H16C7.16 64 0 71.16 0 80v336c0 17.67 14.33 32 32 32h464c8.84 0 16-7.16 16-16v-16c0-8.84-7.16-16-16-16zm-387.2-48h22.4c6.4 0 12.8-6.4 12.8-12.8v-70.4c0-6.4-6.4-12.8-12.8-12.8h-22.4c-6.4 0-12.8 6.4-12.8 12.8v70.4c0 6.4 6.4 12.8 12.8 12.8z\" class=\"\"><\/path><\/svg><\/i> <img loading=\"lazy\" decoding=\"async\" width=\"16\" height=\"16\" alt=\"Loading\" src=\"https:\/\/www.inzko.at\/wp-content\/plugins\/page-views-count\/ajax-loader-2x.gif\" border=0 \/><\/p>\n<div class=\"pvc_clear\"><\/div>\n","protected":false},"author":1,"featured_media":0,"parent":0,"menu_order":0,"comment_status":"open","ping_status":"open","template":"template-fullwidth.php","meta":{"footnotes":""},"class_list":["post-43","page","type-page","status-publish","hentry"],"yoast_head":"<!-- This site is optimized with the Yoast SEO plugin v27.3 - https:\/\/yoast.com\/product\/yoast-seo-wordpress\/ -->\n<title>Beweissicherung &#183; Mag. Christian Inzko<\/title>\n<meta name=\"robots\" content=\"index, follow, max-snippet:-1, max-image-preview:large, max-video-preview:-1\" \/>\n<link rel=\"canonical\" href=\"https:\/\/www.inzko.at\/?page_id=43\" \/>\n<meta property=\"og:locale\" content=\"de_DE\" \/>\n<meta property=\"og:type\" content=\"article\" \/>\n<meta property=\"og:title\" content=\"Beweissicherung &#183; Mag. Christian Inzko\" \/>\n<meta property=\"og:description\" content=\"In vielen F\u00e4llen spielt die Beweissicherung eine grosse Rolle und sie sollte schnell erfolgen, weil sonst gro\u00dfer Schaden oder erhebliche Mehrkosten entstehen k\u00f6nnen. Wir k\u00f6nnen daher mit professionellen Technologien und Handlungsweisen, den IST Zustand vor einer Weiterentwicklung von Daten sicherstellen, ume eine sp\u00e4tere, zeitlich unkritische Analyse und Begutachtung durchzuf\u00fchren. 76&nbsp;total views, 1&nbsp;views today\" \/>\n<meta property=\"og:url\" content=\"https:\/\/www.inzko.at\/?page_id=43\" \/>\n<meta property=\"og:site_name\" content=\"Mag. Christian Inzko\" \/>\n<meta property=\"article:modified_time\" content=\"2015-03-24T12:39:09+00:00\" \/>\n<meta name=\"twitter:card\" content=\"summary_large_image\" \/>\n<script type=\"application\/ld+json\" class=\"yoast-schema-graph\">{\"@context\":\"https:\\\/\\\/schema.org\",\"@graph\":[{\"@type\":\"WebPage\",\"@id\":\"https:\\\/\\\/www.inzko.at\\\/?page_id=43\",\"url\":\"https:\\\/\\\/www.inzko.at\\\/?page_id=43\",\"name\":\"Beweissicherung &#183; Mag. Christian Inzko\",\"isPartOf\":{\"@id\":\"https:\\\/\\\/www.inzko.at\\\/#website\"},\"datePublished\":\"2015-03-17T12:37:55+00:00\",\"dateModified\":\"2015-03-24T12:39:09+00:00\",\"breadcrumb\":{\"@id\":\"https:\\\/\\\/www.inzko.at\\\/?page_id=43#breadcrumb\"},\"inLanguage\":\"de\",\"potentialAction\":[{\"@type\":\"ReadAction\",\"target\":[\"https:\\\/\\\/www.inzko.at\\\/?page_id=43\"]}]},{\"@type\":\"BreadcrumbList\",\"@id\":\"https:\\\/\\\/www.inzko.at\\\/?page_id=43#breadcrumb\",\"itemListElement\":[{\"@type\":\"ListItem\",\"position\":1,\"name\":\"Startseite\",\"item\":\"https:\\\/\\\/www.inzko.at\\\/\"},{\"@type\":\"ListItem\",\"position\":2,\"name\":\"Beweissicherung\"}]},{\"@type\":\"WebSite\",\"@id\":\"https:\\\/\\\/www.inzko.at\\\/#website\",\"url\":\"https:\\\/\\\/www.inzko.at\\\/\",\"name\":\"Mag. Christian Inzko\",\"description\":\"gerichtlich beeideter Sachverst\u00e4ndiger f\u00fcr IT\",\"publisher\":{\"@id\":\"https:\\\/\\\/www.inzko.at\\\/#\\\/schema\\\/person\\\/a64cdb345fefde69fef6bbed6e1e2979\"},\"potentialAction\":[{\"@type\":\"SearchAction\",\"target\":{\"@type\":\"EntryPoint\",\"urlTemplate\":\"https:\\\/\\\/www.inzko.at\\\/?s={search_term_string}\"},\"query-input\":{\"@type\":\"PropertyValueSpecification\",\"valueRequired\":true,\"valueName\":\"search_term_string\"}}],\"inLanguage\":\"de\"},{\"@type\":[\"Person\",\"Organization\"],\"@id\":\"https:\\\/\\\/www.inzko.at\\\/#\\\/schema\\\/person\\\/a64cdb345fefde69fef6bbed6e1e2979\",\"name\":\"admin\",\"image\":{\"@type\":\"ImageObject\",\"inLanguage\":\"de\",\"@id\":\"https:\\\/\\\/secure.gravatar.com\\\/avatar\\\/c74d7d208ff53de21c94657153f5f1b051c5c3bea2ef11873bb6418d791b5124?s=96&d=mm&r=g\",\"url\":\"https:\\\/\\\/secure.gravatar.com\\\/avatar\\\/c74d7d208ff53de21c94657153f5f1b051c5c3bea2ef11873bb6418d791b5124?s=96&d=mm&r=g\",\"contentUrl\":\"https:\\\/\\\/secure.gravatar.com\\\/avatar\\\/c74d7d208ff53de21c94657153f5f1b051c5c3bea2ef11873bb6418d791b5124?s=96&d=mm&r=g\",\"caption\":\"admin\"},\"logo\":{\"@id\":\"https:\\\/\\\/secure.gravatar.com\\\/avatar\\\/c74d7d208ff53de21c94657153f5f1b051c5c3bea2ef11873bb6418d791b5124?s=96&d=mm&r=g\"},\"sameAs\":[\"http:\\\/\\\/www.inzko.at\",\"https:\\\/\\\/www.linkedin.com\\\/in\\\/christian-inzko-a1824294\\\/\"]}]}<\/script>\n<!-- \/ Yoast SEO plugin. -->","yoast_head_json":{"title":"Beweissicherung &#183; Mag. Christian Inzko","robots":{"index":"index","follow":"follow","max-snippet":"max-snippet:-1","max-image-preview":"max-image-preview:large","max-video-preview":"max-video-preview:-1"},"canonical":"https:\/\/www.inzko.at\/?page_id=43","og_locale":"de_DE","og_type":"article","og_title":"Beweissicherung &#183; Mag. Christian Inzko","og_description":"In vielen F\u00e4llen spielt die Beweissicherung eine grosse Rolle und sie sollte schnell erfolgen, weil sonst gro\u00dfer Schaden oder erhebliche Mehrkosten entstehen k\u00f6nnen. Wir k\u00f6nnen daher mit professionellen Technologien und Handlungsweisen, den IST Zustand vor einer Weiterentwicklung von Daten sicherstellen, ume eine sp\u00e4tere, zeitlich unkritische Analyse und Begutachtung durchzuf\u00fchren. 76&nbsp;total views, 1&nbsp;views today","og_url":"https:\/\/www.inzko.at\/?page_id=43","og_site_name":"Mag. Christian Inzko","article_modified_time":"2015-03-24T12:39:09+00:00","twitter_card":"summary_large_image","schema":{"@context":"https:\/\/schema.org","@graph":[{"@type":"WebPage","@id":"https:\/\/www.inzko.at\/?page_id=43","url":"https:\/\/www.inzko.at\/?page_id=43","name":"Beweissicherung &#183; Mag. Christian Inzko","isPartOf":{"@id":"https:\/\/www.inzko.at\/#website"},"datePublished":"2015-03-17T12:37:55+00:00","dateModified":"2015-03-24T12:39:09+00:00","breadcrumb":{"@id":"https:\/\/www.inzko.at\/?page_id=43#breadcrumb"},"inLanguage":"de","potentialAction":[{"@type":"ReadAction","target":["https:\/\/www.inzko.at\/?page_id=43"]}]},{"@type":"BreadcrumbList","@id":"https:\/\/www.inzko.at\/?page_id=43#breadcrumb","itemListElement":[{"@type":"ListItem","position":1,"name":"Startseite","item":"https:\/\/www.inzko.at\/"},{"@type":"ListItem","position":2,"name":"Beweissicherung"}]},{"@type":"WebSite","@id":"https:\/\/www.inzko.at\/#website","url":"https:\/\/www.inzko.at\/","name":"Mag. Christian Inzko","description":"gerichtlich beeideter Sachverst\u00e4ndiger f\u00fcr IT","publisher":{"@id":"https:\/\/www.inzko.at\/#\/schema\/person\/a64cdb345fefde69fef6bbed6e1e2979"},"potentialAction":[{"@type":"SearchAction","target":{"@type":"EntryPoint","urlTemplate":"https:\/\/www.inzko.at\/?s={search_term_string}"},"query-input":{"@type":"PropertyValueSpecification","valueRequired":true,"valueName":"search_term_string"}}],"inLanguage":"de"},{"@type":["Person","Organization"],"@id":"https:\/\/www.inzko.at\/#\/schema\/person\/a64cdb345fefde69fef6bbed6e1e2979","name":"admin","image":{"@type":"ImageObject","inLanguage":"de","@id":"https:\/\/secure.gravatar.com\/avatar\/c74d7d208ff53de21c94657153f5f1b051c5c3bea2ef11873bb6418d791b5124?s=96&d=mm&r=g","url":"https:\/\/secure.gravatar.com\/avatar\/c74d7d208ff53de21c94657153f5f1b051c5c3bea2ef11873bb6418d791b5124?s=96&d=mm&r=g","contentUrl":"https:\/\/secure.gravatar.com\/avatar\/c74d7d208ff53de21c94657153f5f1b051c5c3bea2ef11873bb6418d791b5124?s=96&d=mm&r=g","caption":"admin"},"logo":{"@id":"https:\/\/secure.gravatar.com\/avatar\/c74d7d208ff53de21c94657153f5f1b051c5c3bea2ef11873bb6418d791b5124?s=96&d=mm&r=g"},"sameAs":["http:\/\/www.inzko.at","https:\/\/www.linkedin.com\/in\/christian-inzko-a1824294\/"]}]}},"_links":{"self":[{"href":"https:\/\/www.inzko.at\/index.php?rest_route=\/wp\/v2\/pages\/43","targetHints":{"allow":["GET"]}}],"collection":[{"href":"https:\/\/www.inzko.at\/index.php?rest_route=\/wp\/v2\/pages"}],"about":[{"href":"https:\/\/www.inzko.at\/index.php?rest_route=\/wp\/v2\/types\/page"}],"author":[{"embeddable":true,"href":"https:\/\/www.inzko.at\/index.php?rest_route=\/wp\/v2\/users\/1"}],"replies":[{"embeddable":true,"href":"https:\/\/www.inzko.at\/index.php?rest_route=%2Fwp%2Fv2%2Fcomments&post=43"}],"version-history":[{"count":3,"href":"https:\/\/www.inzko.at\/index.php?rest_route=\/wp\/v2\/pages\/43\/revisions"}],"predecessor-version":[{"id":103,"href":"https:\/\/www.inzko.at\/index.php?rest_route=\/wp\/v2\/pages\/43\/revisions\/103"}],"wp:attachment":[{"href":"https:\/\/www.inzko.at\/index.php?rest_route=%2Fwp%2Fv2%2Fmedia&parent=43"}],"curies":[{"name":"wp","href":"https:\/\/api.w.org\/{rel}","templated":true}]}}