{"id":19,"date":"2015-03-17T12:16:52","date_gmt":"2015-03-17T11:16:52","guid":{"rendered":"http:\/\/www.inzko.at\/?page_id=19"},"modified":"2026-04-02T15:52:37","modified_gmt":"2026-04-02T13:52:37","slug":"privat-gutachten","status":"publish","type":"page","link":"https:\/\/www.inzko.at\/?page_id=19","title":{"rendered":"F\u00fcr Anw\u00e4lte"},"content":{"rendered":"<header class=\"entry-header\">\n<h1 class=\"entry-title\"><a href=\"http:\/\/www.inzko.at\/wp-content\/uploads\/2015\/03\/anwaelte1.jpg\"><img loading=\"lazy\" decoding=\"async\" class=\"alignnone  wp-image-83\" src=\"http:\/\/www.inzko.at\/wp-content\/uploads\/2015\/03\/anwaelte1.jpg\" alt=\"anwaelte\" width=\"229\" height=\"134\" \/><\/a><\/h1>\n<h1 class=\"entry-title\">Privatgutachten: fachlich kompetenter Partner f\u00fcr Anw\u00e4lte und deren Mandanten<\/h1>\n<\/header>\n<div class=\"entry-content\">\n<p class=\"main-text\">Manchmal bleiben wichtige Aspekte in einem Verfahren unber\u00fccksichtigt. Sei es, dass die Gegenpartei in ihrem Sinne einen einseitigen Standpunkt einnahm,\u00a0 oder dass neue Fakten unber\u00fccksichtigt blieben, oder dass diverse Untersuchungen oberfl\u00e4chlich gef\u00fchrt wurden.<\/p>\n<p class=\"main-text\">In solchen F\u00e4llen besteht die Notwendigkeit, die eigene Sicht der Dinge glaubhaft technisch dokumentiert vorzutragen.<\/p>\n<p class=\"main-text\">Daher ist ein pointierter Fachvortrag\u00a0 in einem Rechtsstreit oft entscheidend und ein kompetentes begleitendes Gutachten kann ausschlaggebend f\u00fcr den Erfolg eines Prozesses sein. Wir unterst\u00fctzen Sie bei der Vorbereitung und Durchf\u00fchrung komplexer Rechtsstreitigkeiten im Bereich der Informationstechnologie. Unser Gutachten macht alle relevanten Sachverhalte f\u00fcr alle Beteiligten transparent und bringt die entscheidenden technischen Argumente wirksam auf den Punkt.<\/p>\n<p>Durch unsere Hauptberufliche T\u00e4tigkeit in einem Bankenrechenzentrum gew\u00e4hrleistet den direkten Zugriff auf Experten f\u00fcr die unterschiedlichen Technologien und erm\u00f6glicht es, auch vielschichtige und komplexe Fragestellungen zu bearbeiten egal um welche Technologie es sich handelt. F\u00fcr viele spezielle echnologiespezifische Fragen k\u00f6nnen wir auf den jeweiligen Fachexperten zugreifen.<\/p>\n<p class=\"main-text\">Unser Leistungsspektrum umfasst:<\/p>\n<ul>\n<li>Situationsanalyse von IT-Projekten<\/li>\n<li>Kommunikation mit den Mandanten<\/li>\n<li>Gutachten in deutscher und englischer Sprache<\/li>\n<li>Fehleranalyse<\/li>\n<li>Unterst\u00fctzung bei der Erstellung des anwaltlichen Sachvortrags<\/li>\n<li>Begleitung bei vor Ort Terminen<\/li>\n<li>Analyse und Bewertung von anderen Gutachten gerichtlicher Sachverst\u00e4ndigen<\/li>\n<li>m\u00fcndliche Er\u00f6rterung von schriftlichen Gutachten<\/li>\n<\/ul>\n<p>Privatgutachten werden grunds\u00e4tzlich nur unter Vorkassezahlungsbedingungen bzw. mit anteiliger Vorschusszahlung erstattet.<\/p>\n<\/div>\n<div class=\"pvc_clear\"><\/div>\n<p id=\"pvc_stats_19\" class=\"pvc_stats all  \" data-element-id=\"19\" style=\"\"><i class=\"pvc-stats-icon medium\" aria-hidden=\"true\"><svg aria-hidden=\"true\" focusable=\"false\" data-prefix=\"far\" data-icon=\"chart-bar\" role=\"img\" xmlns=\"http:\/\/www.w3.org\/2000\/svg\" viewBox=\"0 0 512 512\" class=\"svg-inline--fa fa-chart-bar fa-w-16 fa-2x\"><path fill=\"currentColor\" d=\"M396.8 352h22.4c6.4 0 12.8-6.4 12.8-12.8V108.8c0-6.4-6.4-12.8-12.8-12.8h-22.4c-6.4 0-12.8 6.4-12.8 12.8v230.4c0 6.4 6.4 12.8 12.8 12.8zm-192 0h22.4c6.4 0 12.8-6.4 12.8-12.8V140.8c0-6.4-6.4-12.8-12.8-12.8h-22.4c-6.4 0-12.8 6.4-12.8 12.8v198.4c0 6.4 6.4 12.8 12.8 12.8zm96 0h22.4c6.4 0 12.8-6.4 12.8-12.8V204.8c0-6.4-6.4-12.8-12.8-12.8h-22.4c-6.4 0-12.8 6.4-12.8 12.8v134.4c0 6.4 6.4 12.8 12.8 12.8zM496 400H48V80c0-8.84-7.16-16-16-16H16C7.16 64 0 71.16 0 80v336c0 17.67 14.33 32 32 32h464c8.84 0 16-7.16 16-16v-16c0-8.84-7.16-16-16-16zm-387.2-48h22.4c6.4 0 12.8-6.4 12.8-12.8v-70.4c0-6.4-6.4-12.8-12.8-12.8h-22.4c-6.4 0-12.8 6.4-12.8 12.8v70.4c0 6.4 6.4 12.8 12.8 12.8z\" class=\"\"><\/path><\/svg><\/i> <img loading=\"lazy\" decoding=\"async\" width=\"16\" height=\"16\" alt=\"Loading\" src=\"https:\/\/www.inzko.at\/wp-content\/plugins\/page-views-count\/ajax-loader-2x.gif\" border=0 \/><\/p>\n<div class=\"pvc_clear\"><\/div>\n","protected":false},"excerpt":{"rendered":"<p>Privatgutachten: fachlich kompetenter Partner f\u00fcr Anw\u00e4lte und deren Mandanten Manchmal bleiben wichtige Aspekte in einem Verfahren unber\u00fccksichtigt. Sei es, dass die Gegenpartei in ihrem Sinne einen einseitigen Standpunkt [&hellip;]<\/p>\n<div class=\"pvc_clear\"><\/div>\n<p id=\"pvc_stats_19\" class=\"pvc_stats all  \" data-element-id=\"19\" style=\"\"><i class=\"pvc-stats-icon medium\" aria-hidden=\"true\"><svg aria-hidden=\"true\" focusable=\"false\" data-prefix=\"far\" data-icon=\"chart-bar\" role=\"img\" xmlns=\"http:\/\/www.w3.org\/2000\/svg\" viewBox=\"0 0 512 512\" class=\"svg-inline--fa fa-chart-bar fa-w-16 fa-2x\"><path fill=\"currentColor\" d=\"M396.8 352h22.4c6.4 0 12.8-6.4 12.8-12.8V108.8c0-6.4-6.4-12.8-12.8-12.8h-22.4c-6.4 0-12.8 6.4-12.8 12.8v230.4c0 6.4 6.4 12.8 12.8 12.8zm-192 0h22.4c6.4 0 12.8-6.4 12.8-12.8V140.8c0-6.4-6.4-12.8-12.8-12.8h-22.4c-6.4 0-12.8 6.4-12.8 12.8v198.4c0 6.4 6.4 12.8 12.8 12.8zm96 0h22.4c6.4 0 12.8-6.4 12.8-12.8V204.8c0-6.4-6.4-12.8-12.8-12.8h-22.4c-6.4 0-12.8 6.4-12.8 12.8v134.4c0 6.4 6.4 12.8 12.8 12.8zM496 400H48V80c0-8.84-7.16-16-16-16H16C7.16 64 0 71.16 0 80v336c0 17.67 14.33 32 32 32h464c8.84 0 16-7.16 16-16v-16c0-8.84-7.16-16-16-16zm-387.2-48h22.4c6.4 0 12.8-6.4 12.8-12.8v-70.4c0-6.4-6.4-12.8-12.8-12.8h-22.4c-6.4 0-12.8 6.4-12.8 12.8v70.4c0 6.4 6.4 12.8 12.8 12.8z\" class=\"\"><\/path><\/svg><\/i> <img loading=\"lazy\" decoding=\"async\" width=\"16\" height=\"16\" alt=\"Loading\" src=\"https:\/\/www.inzko.at\/wp-content\/plugins\/page-views-count\/ajax-loader-2x.gif\" border=0 \/><\/p>\n<div class=\"pvc_clear\"><\/div>\n","protected":false},"author":1,"featured_media":0,"parent":0,"menu_order":0,"comment_status":"open","ping_status":"open","template":"page-fuer-anwaelte.php","meta":{"footnotes":""},"class_list":["post-19","page","type-page","status-publish","hentry"],"yoast_head":"<!-- This site is optimized with the Yoast SEO plugin v27.3 - https:\/\/yoast.com\/product\/yoast-seo-wordpress\/ -->\n<title>F\u00fcr Anw\u00e4lte &#183; Mag. Christian Inzko<\/title>\n<meta name=\"robots\" content=\"index, follow, max-snippet:-1, max-image-preview:large, max-video-preview:-1\" \/>\n<link rel=\"canonical\" href=\"https:\/\/www.inzko.at\/?page_id=19\" \/>\n<meta property=\"og:locale\" content=\"de_DE\" \/>\n<meta property=\"og:type\" content=\"article\" \/>\n<meta property=\"og:title\" content=\"F\u00fcr Anw\u00e4lte &#183; Mag. Christian Inzko\" \/>\n<meta property=\"og:description\" content=\"Privatgutachten: fachlich kompetenter Partner f\u00fcr Anw\u00e4lte und deren Mandanten Manchmal bleiben wichtige Aspekte in einem Verfahren unber\u00fccksichtigt. Sei es, dass die Gegenpartei in ihrem Sinne einen einseitigen Standpunkt einnahm,\u00a0 oder dass neue Fakten unber\u00fccksichtigt blieben, oder dass diverse Untersuchungen oberfl\u00e4chlich gef\u00fchrt wurden. In solchen F\u00e4llen besteht die Notwendigkeit, die eigene Sicht der Dinge glaubhaft technisch \u2026\" \/>\n<meta property=\"og:url\" content=\"https:\/\/www.inzko.at\/?page_id=19\" \/>\n<meta property=\"og:site_name\" content=\"Mag. Christian Inzko\" \/>\n<meta property=\"article:modified_time\" content=\"2026-04-02T13:52:37+00:00\" \/>\n<meta property=\"og:image\" content=\"https:\/\/www.inzko.at\/wp-content\/uploads\/2015\/03\/anwaelte1.jpg\" \/>\n\t<meta property=\"og:image:width\" content=\"195\" \/>\n\t<meta property=\"og:image:height\" content=\"114\" \/>\n\t<meta property=\"og:image:type\" content=\"image\/jpeg\" \/>\n<meta name=\"twitter:card\" content=\"summary_large_image\" \/>\n<meta name=\"twitter:label1\" content=\"Gesch\u00e4tzte Lesezeit\" \/>\n\t<meta name=\"twitter:data1\" content=\"2\u00a0Minuten\" \/>\n<script type=\"application\/ld+json\" class=\"yoast-schema-graph\">{\"@context\":\"https:\\\/\\\/schema.org\",\"@graph\":[{\"@type\":\"WebPage\",\"@id\":\"https:\\\/\\\/www.inzko.at\\\/?page_id=19\",\"url\":\"https:\\\/\\\/www.inzko.at\\\/?page_id=19\",\"name\":\"F\u00fcr Anw\u00e4lte &#183; Mag. Christian Inzko\",\"isPartOf\":{\"@id\":\"https:\\\/\\\/www.inzko.at\\\/#website\"},\"primaryImageOfPage\":{\"@id\":\"https:\\\/\\\/www.inzko.at\\\/?page_id=19#primaryimage\"},\"image\":{\"@id\":\"https:\\\/\\\/www.inzko.at\\\/?page_id=19#primaryimage\"},\"thumbnailUrl\":\"http:\\\/\\\/www.inzko.at\\\/wp-content\\\/uploads\\\/2015\\\/03\\\/anwaelte1.jpg\",\"datePublished\":\"2015-03-17T11:16:52+00:00\",\"dateModified\":\"2026-04-02T13:52:37+00:00\",\"breadcrumb\":{\"@id\":\"https:\\\/\\\/www.inzko.at\\\/?page_id=19#breadcrumb\"},\"inLanguage\":\"de\",\"potentialAction\":[{\"@type\":\"ReadAction\",\"target\":[\"https:\\\/\\\/www.inzko.at\\\/?page_id=19\"]}]},{\"@type\":\"ImageObject\",\"inLanguage\":\"de\",\"@id\":\"https:\\\/\\\/www.inzko.at\\\/?page_id=19#primaryimage\",\"url\":\"https:\\\/\\\/www.inzko.at\\\/wp-content\\\/uploads\\\/2015\\\/03\\\/anwaelte1.jpg\",\"contentUrl\":\"https:\\\/\\\/www.inzko.at\\\/wp-content\\\/uploads\\\/2015\\\/03\\\/anwaelte1.jpg\",\"width\":195,\"height\":114},{\"@type\":\"BreadcrumbList\",\"@id\":\"https:\\\/\\\/www.inzko.at\\\/?page_id=19#breadcrumb\",\"itemListElement\":[{\"@type\":\"ListItem\",\"position\":1,\"name\":\"Startseite\",\"item\":\"https:\\\/\\\/www.inzko.at\\\/\"},{\"@type\":\"ListItem\",\"position\":2,\"name\":\"F\u00fcr Anw\u00e4lte\"}]},{\"@type\":\"WebSite\",\"@id\":\"https:\\\/\\\/www.inzko.at\\\/#website\",\"url\":\"https:\\\/\\\/www.inzko.at\\\/\",\"name\":\"Mag. Christian Inzko\",\"description\":\"gerichtlich beeideter Sachverst\u00e4ndiger f\u00fcr IT\",\"publisher\":{\"@id\":\"https:\\\/\\\/www.inzko.at\\\/#\\\/schema\\\/person\\\/a64cdb345fefde69fef6bbed6e1e2979\"},\"potentialAction\":[{\"@type\":\"SearchAction\",\"target\":{\"@type\":\"EntryPoint\",\"urlTemplate\":\"https:\\\/\\\/www.inzko.at\\\/?s={search_term_string}\"},\"query-input\":{\"@type\":\"PropertyValueSpecification\",\"valueRequired\":true,\"valueName\":\"search_term_string\"}}],\"inLanguage\":\"de\"},{\"@type\":[\"Person\",\"Organization\"],\"@id\":\"https:\\\/\\\/www.inzko.at\\\/#\\\/schema\\\/person\\\/a64cdb345fefde69fef6bbed6e1e2979\",\"name\":\"admin\",\"image\":{\"@type\":\"ImageObject\",\"inLanguage\":\"de\",\"@id\":\"https:\\\/\\\/secure.gravatar.com\\\/avatar\\\/c74d7d208ff53de21c94657153f5f1b051c5c3bea2ef11873bb6418d791b5124?s=96&d=mm&r=g\",\"url\":\"https:\\\/\\\/secure.gravatar.com\\\/avatar\\\/c74d7d208ff53de21c94657153f5f1b051c5c3bea2ef11873bb6418d791b5124?s=96&d=mm&r=g\",\"contentUrl\":\"https:\\\/\\\/secure.gravatar.com\\\/avatar\\\/c74d7d208ff53de21c94657153f5f1b051c5c3bea2ef11873bb6418d791b5124?s=96&d=mm&r=g\",\"caption\":\"admin\"},\"logo\":{\"@id\":\"https:\\\/\\\/secure.gravatar.com\\\/avatar\\\/c74d7d208ff53de21c94657153f5f1b051c5c3bea2ef11873bb6418d791b5124?s=96&d=mm&r=g\"},\"sameAs\":[\"http:\\\/\\\/www.inzko.at\",\"https:\\\/\\\/www.linkedin.com\\\/in\\\/christian-inzko-a1824294\\\/\"]}]}<\/script>\n<!-- \/ Yoast SEO plugin. -->","yoast_head_json":{"title":"F\u00fcr Anw\u00e4lte &#183; Mag. Christian Inzko","robots":{"index":"index","follow":"follow","max-snippet":"max-snippet:-1","max-image-preview":"max-image-preview:large","max-video-preview":"max-video-preview:-1"},"canonical":"https:\/\/www.inzko.at\/?page_id=19","og_locale":"de_DE","og_type":"article","og_title":"F\u00fcr Anw\u00e4lte &#183; Mag. Christian Inzko","og_description":"Privatgutachten: fachlich kompetenter Partner f\u00fcr Anw\u00e4lte und deren Mandanten Manchmal bleiben wichtige Aspekte in einem Verfahren unber\u00fccksichtigt. Sei es, dass die Gegenpartei in ihrem Sinne einen einseitigen Standpunkt einnahm,\u00a0 oder dass neue Fakten unber\u00fccksichtigt blieben, oder dass diverse Untersuchungen oberfl\u00e4chlich gef\u00fchrt wurden. In solchen F\u00e4llen besteht die Notwendigkeit, die eigene Sicht der Dinge glaubhaft technisch \u2026","og_url":"https:\/\/www.inzko.at\/?page_id=19","og_site_name":"Mag. Christian Inzko","article_modified_time":"2026-04-02T13:52:37+00:00","og_image":[{"width":195,"height":114,"url":"https:\/\/www.inzko.at\/wp-content\/uploads\/2015\/03\/anwaelte1.jpg","type":"image\/jpeg"}],"twitter_card":"summary_large_image","twitter_misc":{"Gesch\u00e4tzte Lesezeit":"2\u00a0Minuten"},"schema":{"@context":"https:\/\/schema.org","@graph":[{"@type":"WebPage","@id":"https:\/\/www.inzko.at\/?page_id=19","url":"https:\/\/www.inzko.at\/?page_id=19","name":"F\u00fcr Anw\u00e4lte &#183; Mag. Christian Inzko","isPartOf":{"@id":"https:\/\/www.inzko.at\/#website"},"primaryImageOfPage":{"@id":"https:\/\/www.inzko.at\/?page_id=19#primaryimage"},"image":{"@id":"https:\/\/www.inzko.at\/?page_id=19#primaryimage"},"thumbnailUrl":"http:\/\/www.inzko.at\/wp-content\/uploads\/2015\/03\/anwaelte1.jpg","datePublished":"2015-03-17T11:16:52+00:00","dateModified":"2026-04-02T13:52:37+00:00","breadcrumb":{"@id":"https:\/\/www.inzko.at\/?page_id=19#breadcrumb"},"inLanguage":"de","potentialAction":[{"@type":"ReadAction","target":["https:\/\/www.inzko.at\/?page_id=19"]}]},{"@type":"ImageObject","inLanguage":"de","@id":"https:\/\/www.inzko.at\/?page_id=19#primaryimage","url":"https:\/\/www.inzko.at\/wp-content\/uploads\/2015\/03\/anwaelte1.jpg","contentUrl":"https:\/\/www.inzko.at\/wp-content\/uploads\/2015\/03\/anwaelte1.jpg","width":195,"height":114},{"@type":"BreadcrumbList","@id":"https:\/\/www.inzko.at\/?page_id=19#breadcrumb","itemListElement":[{"@type":"ListItem","position":1,"name":"Startseite","item":"https:\/\/www.inzko.at\/"},{"@type":"ListItem","position":2,"name":"F\u00fcr Anw\u00e4lte"}]},{"@type":"WebSite","@id":"https:\/\/www.inzko.at\/#website","url":"https:\/\/www.inzko.at\/","name":"Mag. Christian Inzko","description":"gerichtlich beeideter Sachverst\u00e4ndiger f\u00fcr IT","publisher":{"@id":"https:\/\/www.inzko.at\/#\/schema\/person\/a64cdb345fefde69fef6bbed6e1e2979"},"potentialAction":[{"@type":"SearchAction","target":{"@type":"EntryPoint","urlTemplate":"https:\/\/www.inzko.at\/?s={search_term_string}"},"query-input":{"@type":"PropertyValueSpecification","valueRequired":true,"valueName":"search_term_string"}}],"inLanguage":"de"},{"@type":["Person","Organization"],"@id":"https:\/\/www.inzko.at\/#\/schema\/person\/a64cdb345fefde69fef6bbed6e1e2979","name":"admin","image":{"@type":"ImageObject","inLanguage":"de","@id":"https:\/\/secure.gravatar.com\/avatar\/c74d7d208ff53de21c94657153f5f1b051c5c3bea2ef11873bb6418d791b5124?s=96&d=mm&r=g","url":"https:\/\/secure.gravatar.com\/avatar\/c74d7d208ff53de21c94657153f5f1b051c5c3bea2ef11873bb6418d791b5124?s=96&d=mm&r=g","contentUrl":"https:\/\/secure.gravatar.com\/avatar\/c74d7d208ff53de21c94657153f5f1b051c5c3bea2ef11873bb6418d791b5124?s=96&d=mm&r=g","caption":"admin"},"logo":{"@id":"https:\/\/secure.gravatar.com\/avatar\/c74d7d208ff53de21c94657153f5f1b051c5c3bea2ef11873bb6418d791b5124?s=96&d=mm&r=g"},"sameAs":["http:\/\/www.inzko.at","https:\/\/www.linkedin.com\/in\/christian-inzko-a1824294\/"]}]}},"_links":{"self":[{"href":"https:\/\/www.inzko.at\/index.php?rest_route=\/wp\/v2\/pages\/19","targetHints":{"allow":["GET"]}}],"collection":[{"href":"https:\/\/www.inzko.at\/index.php?rest_route=\/wp\/v2\/pages"}],"about":[{"href":"https:\/\/www.inzko.at\/index.php?rest_route=\/wp\/v2\/types\/page"}],"author":[{"embeddable":true,"href":"https:\/\/www.inzko.at\/index.php?rest_route=\/wp\/v2\/users\/1"}],"replies":[{"embeddable":true,"href":"https:\/\/www.inzko.at\/index.php?rest_route=%2Fwp%2Fv2%2Fcomments&post=19"}],"version-history":[{"count":6,"href":"https:\/\/www.inzko.at\/index.php?rest_route=\/wp\/v2\/pages\/19\/revisions"}],"predecessor-version":[{"id":85,"href":"https:\/\/www.inzko.at\/index.php?rest_route=\/wp\/v2\/pages\/19\/revisions\/85"}],"wp:attachment":[{"href":"https:\/\/www.inzko.at\/index.php?rest_route=%2Fwp%2Fv2%2Fmedia&parent=19"}],"curies":[{"name":"wp","href":"https:\/\/api.w.org\/{rel}","templated":true}]}}