{"id":124,"date":"2018-05-10T11:30:21","date_gmt":"2018-05-10T09:30:21","guid":{"rendered":"http:\/\/www.inzko.at\/?page_id=124"},"modified":"2026-04-03T07:38:01","modified_gmt":"2026-04-03T05:38:01","slug":"datenschutz-2","status":"publish","type":"page","link":"https:\/\/www.inzko.at\/?page_id=124","title":{"rendered":"Datenschutzerkl\u00e4rung"},"content":{"rendered":"<p><strong><a href=\"http:\/\/www.inzko.at\/wp-content\/uploads\/2018\/05\/dsgvo.png\"><img loading=\"lazy\" decoding=\"async\" class=\"alignnone size-medium wp-image-127\" src=\"http:\/\/www.inzko.at\/wp-content\/uploads\/2018\/05\/dsgvo-300x143.png\" alt=\"\" width=\"300\" height=\"143\" srcset=\"https:\/\/www.inzko.at\/wp-content\/uploads\/2018\/05\/dsgvo-300x143.png 300w, https:\/\/www.inzko.at\/wp-content\/uploads\/2018\/05\/dsgvo.png 325w\" sizes=\"auto, (max-width: 300px) 100vw, 300px\" \/><\/a><\/strong><\/p>\n<p><strong>Geltungsbereich<br \/>\n<\/strong>Diese Datenschutzerkl\u00e4rung kl\u00e4rt Nutzer \u00fcber die Art, den Umfang und Zwecke der Erhebung und Verwendung personenbezogener Daten durch den verantwortlichen Anbieter Christian Inzko &#8211; Gerichtssachverst\u00e4ndiger, auf dieser Website (im folgenden \u201cAngebot\u201d) auf.<\/p>\n<p><strong>Zugriffsdaten\/ Server-Logfiles<br \/>\n<\/strong>Der Anbieter (beziehungsweise sein Webspace-Provider) erhebt Daten \u00fcber jeden Zugriff auf das Angebot (so genannte Serverlogfiles). Zu den Zugriffsdaten geh\u00f6ren:<\/p>\n<p>Name der abgerufenen Webseite, Datei, Datum und Uhrzeit des Abrufs, \u00fcbertragene Datenmenge, Meldung \u00fcber erfolgreichen Abruf, Browsertyp nebst Version, das Betriebssystem des Nutzers, Referrer URL (die zuvor besuchte Seite), IP-Adresse und der anfragende Provider.<\/p>\n<p>Der Anbieter verwendet die Protokolldaten nur f\u00fcr statistische Auswertungen zum Zweck des Betriebs, der Sicherheit und der Optimierung des Angebotes. Der Anbieter beh\u00e4lt sich jedoch vor, die Protokolldaten nachtr\u00e4glich zu \u00fcberpr\u00fcfen, wenn aufgrund konkreter Anhaltspunkte der berechtigte Verdacht einer rechtswidrigen Nutzung besteht.<\/p>\n<p><strong>Umgang mit personenbezogenen Daten<\/strong><br \/>\nPersonenbezogene Daten sind Informationen, mit deren Hilfe eine Person bestimmbar ist, also Angaben, die zur\u00fcck zu einer Person verfolgt werden k\u00f6nnen. Dazu geh\u00f6ren der Name, die Emailadresse oder die Telefonnummer. Aber auch Daten \u00fcber Vorlieben, Hobbies, Mitgliedschaften oder welche Webseiten von jemandem angesehen wurden z\u00e4hlen zu personenbezogenen Daten.<\/p>\n<p>Personenbezogene Daten werden von dem Anbieter nur dann erhoben, genutzt und weiter gegeben, wenn dies gesetzlich erlaubt ist oder die Nutzer in die Datenerhebung einwilligen.<\/p>\n<p><strong>Kontaktaufnahme<\/strong><br \/>\nBei der Kontaktaufnahme mit dem Anbieter (zum Beispiel per Kontaktformular oder E-Mail) werden die Angaben des Nutzers zwecks Bearbeitung der Anfrage sowie f\u00fcr den Fall, dass Anschlussfragen entstehen, gespeichert.<\/p>\n<p><strong>Kommentare und Beitr\u00e4ge<br \/>\n<\/strong>Wenn Nutzer Kommentare im Blog oder sonstige Beitr\u00e4ge hinterlassen, werden ihre IP-Adressen gespeichert. Das erfolgt zur Sicherheit des Anbieters, falls jemand in Kommentaren und Beitr\u00e4gen widerrechtliche Inhalte schreibt (Beleidigungen, verbotene politische Propaganda, etc.). In diesem Fall kann der Anbieter selbst f\u00fcr den Kommentar oder Beitrag belangt werden und ist daher an der Identit\u00e4t des Verfassers interessiert.<\/p>\n<p><strong>Kommentarabonnements<\/strong><br \/>\nDie Nachfolgekommentare k\u00f6nnen durch Nutzer abonniert werden. Die Nutzer erhalten eine Best\u00e4tigungsemail, um zu \u00fcberpr\u00fcfen, ob sie der Inhaber der eingegebenen Emailadresse sind. Nutzer k\u00f6nnen laufende Kommentarabonnements jederzeit abbestellen. Die Best\u00e4tigungsemail wird Hinweise dazu enthalten.<\/p>\n<p>&nbsp;<\/p>\n<p><strong>Einbindung von Diensten und Inhalten Dritter<\/strong><br \/>\nEs kann vorkommen, dass innerhalb dieses Onlineangebotes Inhalte Dritter, wie zum Beispiel Videos von YouTube, Kartenmaterial von Google-Maps, RSS-Feeds oder Grafiken von anderen Webseiten eingebunden werden. Dies setzt immer voraus, dass die Anbieter dieser Inhalte (nachfolgend bezeichnet als \u201eDritt-Anbieter\u201c) die IP-Adresse der Nutzer wahr nehmen. Denn ohne die IP-Adresse, k\u00f6nnten sie die Inhalte nicht an den Browser des jeweiligen Nutzers senden. Die IP-Adresse ist damit f\u00fcr die Darstellung dieser Inhalte erforderlich. Wir bem\u00fchen uns nur solche Inhalte zu verwenden, deren jeweilige Anbieter die IP-Adresse lediglich zur Auslieferung der Inhalte verwenden. Jedoch haben wir keinen Einfluss darauf, falls die Dritt-Anbieter die IP-Adresse z.B. f\u00fcr statistische Zwecke speichern. Soweit dies uns bekannt ist, kl\u00e4ren wir die Nutzer dar\u00fcber auf.<\/p>\n<p><strong>Cookies<br \/>\n<\/strong>Diese Website benutzt Google Analytics, einen Webanalysedienst der Google Inc.! Google Analytics verwendet sog. \u201eCookies\u201c, Textdateien, die auf Ihrem Computer gespeichert werden und die eine Analyse der Benutzung der Website durch Sie erm\u00f6glichen. Die durch den Cookie erzeugten Informationen \u00fcber Ihre Benutzung dieser Website (einschlie\u00dflich Ihrer IP-Adresse) wird an einen Server von Google in den USA \u00fcbertragen und dort gespeichert. Google wird diese Informationen benutzen, um Ihre Nutzung der Website auszuwerten, um Reports \u00fcber die Websiteaktivit\u00e4ten f\u00fcr die Websitebetreiber zusammenzustellen und um weitere mit der Websitenutzung und der Internetnutzung verbundene Dienstleistungen zu erbringen. Auch wird Google diese Informationen gegebenenfalls an Dritte \u00fcbertragen, sofern dies gesetzlich vorgeschrieben oder soweit Dritte diese Daten im Auftrag von Google verarbeiten. Google wird in keinem Fall Ihre IP-Adresse mit anderen Daten von Google in Verbindung bringen. Sie k\u00f6nnen die Installation der Cookies durch eine entsprechende Einstellung Ihrer Browser Software verhindern; wir weisen Sie jedoch darauf hin, dass Sie in diesem Fall gegebenenfalls nicht s\u00e4mtliche Funktionen dieser Website vollumf\u00e4nglich nutzen k\u00f6nnen. Durch die Nutzung dieser Website erkl\u00e4ren Sie sich mit der Bearbeitung der \u00fcber Sie erhobenen Daten durch Google in der zuvor beschriebenen Art und Weise und zu dem zuvor benannten Zweck einverstanden.\u201c<\/p>\n<p>Cookies sind kleine Dateien, die es erm\u00f6glichen, auf dem Zugriffsger\u00e4t der Nutzer (PC, Smartphone o.\u00e4.) spezifische, auf das Ger\u00e4t bezogene Informationen zu speichern. Sie dienen zum einem der Benutzerfreundlichkeit von Webseiten und damit den Nutzern (z.B. Speicherung von Logindaten). Zum anderen dienen sie, um die statistische Daten der Webseitennutzung zu erfassen und sie zwecks Verbesserung des Angebotes analysieren zu k\u00f6nnen. Die Nutzer k\u00f6nnen auf den Einsatz der Cookies Einfluss nehmen. Die meisten Browser verf\u00fcgen eine Option mit der das Speichern von Cookies eingeschr\u00e4nkt oder komplett verhindert wird. Allerdings wird darauf hingewiesen, dass die Nutzung und insbesondere der Nutzungskomfort ohne Cookies eingeschr\u00e4nkt werden.<\/p>\n<p>Sie k\u00f6nnen viele Online-Anzeigen-Cookies von Unternehmen \u00fcber die US-amerikanische Seite <a href=\"http:\/\/www.aboutads.info\/choices\/\" target=\"_blank\" rel=\"nofollow noopener\">http:\/\/www.aboutads.info\/choices\/<\/a>oder die EU-Seite <a href=\"http:\/\/www.youronlinechoices.com\/uk\/your-ad-choices\/\" target=\"_blank\" rel=\"nofollow noopener\">http:\/\/www.youronlinechoices.com\/uk\/your-ad-choices\/<\/a>verwalten.<\/p>\n<p>&nbsp;<\/p>\n<p><strong>Pinterest<br \/>\n<\/strong>Datenschutzerkl\u00e4rung wegen der Verwendung eines Pin it-Buttons von PinterestAuf unserer Internetseite befindet sich der \u201ePin it\u201c-Button des sozialen Netzwerks Pinterest, welches von der Pinterest, Inc. \u2013 ans\u00e4ssig 808 Brannan St, San Francisco, CA 94103, USA \u2013 betrieben wird. Wegen der Verwendung des \u201ePin it\u201c-Buttons bekommt Pinterest die Information, dass Sie eine unserer Internetseiten besucht haben. Sollten Sie w\u00e4hrenddessen in Ihr Pinterest-Account eingeloggt sein, ist es Pinterest zudem m\u00f6glich, Ihren Besuch Ihrem Pinterest-Account zuzuordnen. Durch das Klicken des \u201ePin it\u201c-Buttons werden Daten an Pinterest \u00fcbermittelt, die auf Servern (in den USA) abgespeichert werden. Sofern Sie dies verhindern wollten, m\u00fcssten Sie sich vor dem Anklicken des \u201ePin it\u201c-Buttons aus Ihrem Pinterest-Account ausloggen. Um Ihre Privatsph\u00e4re sch\u00fctzen zu k\u00f6nnen, entnehmen Sie weitere Details zur Datenerhebung beziehungsweise Verarbeitung und Nutzung Ihrer Daten durch Pinterest sowie Ihre rechtlichen M\u00f6glichkeiten und Einstellungsoptionen bitte den Datenschutzhinweisen von Pinterest unter: <a href=\"http:\/\/pinterest.com\/about\/privacy\/\">http:\/\/pinterest.com\/about\/privacy\/<\/a><\/p>\n<p><strong>Widerruf, \u00c4nderungen, Berichtigungen und Aktualisierungen<\/strong><br \/>\nDer Nutzer hat das Recht, auf Antrag unentgeltlich Auskunft zu erhalten \u00fcber die personenbezogenen Daten, die \u00fcber ihn gespeichert wurden. Zus\u00e4tzlich hat der Nutzer das Recht auf Berichtigung unrichtiger Daten, Sperrung und L\u00f6schung seiner personenbezogenen Daten, soweit dem keine gesetzliche Aufbewahrungspflicht entgegensteht.<\/p>\n<p>Quelle: Flegl Rechtsanw\u00e4lte GmbH<\/p>\n<div class=\"pvc_clear\"><\/div>\n<p id=\"pvc_stats_124\" class=\"pvc_stats all  \" data-element-id=\"124\" style=\"\"><i class=\"pvc-stats-icon medium\" aria-hidden=\"true\"><svg aria-hidden=\"true\" focusable=\"false\" data-prefix=\"far\" data-icon=\"chart-bar\" role=\"img\" xmlns=\"http:\/\/www.w3.org\/2000\/svg\" viewBox=\"0 0 512 512\" class=\"svg-inline--fa fa-chart-bar fa-w-16 fa-2x\"><path fill=\"currentColor\" d=\"M396.8 352h22.4c6.4 0 12.8-6.4 12.8-12.8V108.8c0-6.4-6.4-12.8-12.8-12.8h-22.4c-6.4 0-12.8 6.4-12.8 12.8v230.4c0 6.4 6.4 12.8 12.8 12.8zm-192 0h22.4c6.4 0 12.8-6.4 12.8-12.8V140.8c0-6.4-6.4-12.8-12.8-12.8h-22.4c-6.4 0-12.8 6.4-12.8 12.8v198.4c0 6.4 6.4 12.8 12.8 12.8zm96 0h22.4c6.4 0 12.8-6.4 12.8-12.8V204.8c0-6.4-6.4-12.8-12.8-12.8h-22.4c-6.4 0-12.8 6.4-12.8 12.8v134.4c0 6.4 6.4 12.8 12.8 12.8zM496 400H48V80c0-8.84-7.16-16-16-16H16C7.16 64 0 71.16 0 80v336c0 17.67 14.33 32 32 32h464c8.84 0 16-7.16 16-16v-16c0-8.84-7.16-16-16-16zm-387.2-48h22.4c6.4 0 12.8-6.4 12.8-12.8v-70.4c0-6.4-6.4-12.8-12.8-12.8h-22.4c-6.4 0-12.8 6.4-12.8 12.8v70.4c0 6.4 6.4 12.8 12.8 12.8z\" class=\"\"><\/path><\/svg><\/i> <img loading=\"lazy\" decoding=\"async\" width=\"16\" height=\"16\" alt=\"Loading\" src=\"https:\/\/www.inzko.at\/wp-content\/plugins\/page-views-count\/ajax-loader-2x.gif\" border=0 \/><\/p>\n<div class=\"pvc_clear\"><\/div>\n","protected":false},"excerpt":{"rendered":"<p>Geltungsbereich Diese Datenschutzerkl\u00e4rung kl\u00e4rt Nutzer \u00fcber die Art, den Umfang und Zwecke der Erhebung und Verwendung personenbezogener Daten durch den verantwortlichen Anbieter Christian Inzko &#8211; Gerichtssachverst\u00e4ndiger, auf dieser [&hellip;]<\/p>\n<div class=\"pvc_clear\"><\/div>\n<p id=\"pvc_stats_124\" class=\"pvc_stats all  \" data-element-id=\"124\" style=\"\"><i class=\"pvc-stats-icon medium\" aria-hidden=\"true\"><svg aria-hidden=\"true\" focusable=\"false\" data-prefix=\"far\" data-icon=\"chart-bar\" role=\"img\" xmlns=\"http:\/\/www.w3.org\/2000\/svg\" viewBox=\"0 0 512 512\" class=\"svg-inline--fa fa-chart-bar fa-w-16 fa-2x\"><path fill=\"currentColor\" d=\"M396.8 352h22.4c6.4 0 12.8-6.4 12.8-12.8V108.8c0-6.4-6.4-12.8-12.8-12.8h-22.4c-6.4 0-12.8 6.4-12.8 12.8v230.4c0 6.4 6.4 12.8 12.8 12.8zm-192 0h22.4c6.4 0 12.8-6.4 12.8-12.8V140.8c0-6.4-6.4-12.8-12.8-12.8h-22.4c-6.4 0-12.8 6.4-12.8 12.8v198.4c0 6.4 6.4 12.8 12.8 12.8zm96 0h22.4c6.4 0 12.8-6.4 12.8-12.8V204.8c0-6.4-6.4-12.8-12.8-12.8h-22.4c-6.4 0-12.8 6.4-12.8 12.8v134.4c0 6.4 6.4 12.8 12.8 12.8zM496 400H48V80c0-8.84-7.16-16-16-16H16C7.16 64 0 71.16 0 80v336c0 17.67 14.33 32 32 32h464c8.84 0 16-7.16 16-16v-16c0-8.84-7.16-16-16-16zm-387.2-48h22.4c6.4 0 12.8-6.4 12.8-12.8v-70.4c0-6.4-6.4-12.8-12.8-12.8h-22.4c-6.4 0-12.8 6.4-12.8 12.8v70.4c0 6.4 6.4 12.8 12.8 12.8z\" class=\"\"><\/path><\/svg><\/i> <img loading=\"lazy\" decoding=\"async\" width=\"16\" height=\"16\" alt=\"Loading\" src=\"https:\/\/www.inzko.at\/wp-content\/plugins\/page-views-count\/ajax-loader-2x.gif\" border=0 \/><\/p>\n<div class=\"pvc_clear\"><\/div>\n","protected":false},"author":1,"featured_media":0,"parent":0,"menu_order":0,"comment_status":"closed","ping_status":"closed","template":"page-datenschutzerklaerung.php","meta":{"footnotes":""},"class_list":["post-124","page","type-page","status-publish","hentry"],"yoast_head":"<!-- This site is optimized with the Yoast SEO plugin v27.3 - https:\/\/yoast.com\/product\/yoast-seo-wordpress\/ -->\n<title>Datenschutzerkl\u00e4rung &#183; Mag. Christian Inzko<\/title>\n<meta name=\"robots\" content=\"index, follow, max-snippet:-1, max-image-preview:large, max-video-preview:-1\" \/>\n<link rel=\"canonical\" href=\"https:\/\/www.inzko.at\/?page_id=124\" \/>\n<meta property=\"og:locale\" content=\"de_DE\" \/>\n<meta property=\"og:type\" content=\"article\" \/>\n<meta property=\"og:title\" content=\"Datenschutzerkl\u00e4rung &#183; Mag. Christian Inzko\" \/>\n<meta property=\"og:description\" content=\"Geltungsbereich Diese Datenschutzerkl\u00e4rung kl\u00e4rt Nutzer \u00fcber die Art, den Umfang und Zwecke der Erhebung und Verwendung personenbezogener Daten durch den verantwortlichen Anbieter Christian Inzko &#8211; Gerichtssachverst\u00e4ndiger, auf dieser [&hellip;]\" \/>\n<meta property=\"og:url\" content=\"https:\/\/www.inzko.at\/?page_id=124\" \/>\n<meta property=\"og:site_name\" content=\"Mag. Christian Inzko\" \/>\n<meta property=\"article:modified_time\" content=\"2026-04-03T05:38:01+00:00\" \/>\n<meta property=\"og:image\" content=\"https:\/\/www.inzko.at\/wp-content\/uploads\/2018\/05\/dsgvo.png\" \/>\n\t<meta property=\"og:image:width\" content=\"325\" \/>\n\t<meta property=\"og:image:height\" content=\"155\" \/>\n\t<meta property=\"og:image:type\" content=\"image\/png\" \/>\n<meta name=\"twitter:card\" content=\"summary_large_image\" \/>\n<meta name=\"twitter:label1\" content=\"Gesch\u00e4tzte Lesezeit\" \/>\n\t<meta name=\"twitter:data1\" content=\"6\u00a0Minuten\" \/>\n<script type=\"application\/ld+json\" class=\"yoast-schema-graph\">{\"@context\":\"https:\\\/\\\/schema.org\",\"@graph\":[{\"@type\":\"WebPage\",\"@id\":\"https:\\\/\\\/www.inzko.at\\\/?page_id=124\",\"url\":\"https:\\\/\\\/www.inzko.at\\\/?page_id=124\",\"name\":\"Datenschutzerkl\u00e4rung &#183; Mag. Christian Inzko\",\"isPartOf\":{\"@id\":\"https:\\\/\\\/www.inzko.at\\\/#website\"},\"primaryImageOfPage\":{\"@id\":\"https:\\\/\\\/www.inzko.at\\\/?page_id=124#primaryimage\"},\"image\":{\"@id\":\"https:\\\/\\\/www.inzko.at\\\/?page_id=124#primaryimage\"},\"thumbnailUrl\":\"http:\\\/\\\/www.inzko.at\\\/wp-content\\\/uploads\\\/2018\\\/05\\\/dsgvo-300x143.png\",\"datePublished\":\"2018-05-10T09:30:21+00:00\",\"dateModified\":\"2026-04-03T05:38:01+00:00\",\"breadcrumb\":{\"@id\":\"https:\\\/\\\/www.inzko.at\\\/?page_id=124#breadcrumb\"},\"inLanguage\":\"de\",\"potentialAction\":[{\"@type\":\"ReadAction\",\"target\":[\"https:\\\/\\\/www.inzko.at\\\/?page_id=124\"]}]},{\"@type\":\"ImageObject\",\"inLanguage\":\"de\",\"@id\":\"https:\\\/\\\/www.inzko.at\\\/?page_id=124#primaryimage\",\"url\":\"https:\\\/\\\/www.inzko.at\\\/wp-content\\\/uploads\\\/2018\\\/05\\\/dsgvo.png\",\"contentUrl\":\"https:\\\/\\\/www.inzko.at\\\/wp-content\\\/uploads\\\/2018\\\/05\\\/dsgvo.png\",\"width\":325,\"height\":155},{\"@type\":\"BreadcrumbList\",\"@id\":\"https:\\\/\\\/www.inzko.at\\\/?page_id=124#breadcrumb\",\"itemListElement\":[{\"@type\":\"ListItem\",\"position\":1,\"name\":\"Startseite\",\"item\":\"https:\\\/\\\/www.inzko.at\\\/\"},{\"@type\":\"ListItem\",\"position\":2,\"name\":\"Datenschutzerkl\u00e4rung\"}]},{\"@type\":\"WebSite\",\"@id\":\"https:\\\/\\\/www.inzko.at\\\/#website\",\"url\":\"https:\\\/\\\/www.inzko.at\\\/\",\"name\":\"Mag. Christian Inzko\",\"description\":\"gerichtlich beeideter Sachverst\u00e4ndiger f\u00fcr IT\",\"publisher\":{\"@id\":\"https:\\\/\\\/www.inzko.at\\\/#\\\/schema\\\/person\\\/a64cdb345fefde69fef6bbed6e1e2979\"},\"potentialAction\":[{\"@type\":\"SearchAction\",\"target\":{\"@type\":\"EntryPoint\",\"urlTemplate\":\"https:\\\/\\\/www.inzko.at\\\/?s={search_term_string}\"},\"query-input\":{\"@type\":\"PropertyValueSpecification\",\"valueRequired\":true,\"valueName\":\"search_term_string\"}}],\"inLanguage\":\"de\"},{\"@type\":[\"Person\",\"Organization\"],\"@id\":\"https:\\\/\\\/www.inzko.at\\\/#\\\/schema\\\/person\\\/a64cdb345fefde69fef6bbed6e1e2979\",\"name\":\"admin\",\"image\":{\"@type\":\"ImageObject\",\"inLanguage\":\"de\",\"@id\":\"https:\\\/\\\/secure.gravatar.com\\\/avatar\\\/c74d7d208ff53de21c94657153f5f1b051c5c3bea2ef11873bb6418d791b5124?s=96&d=mm&r=g\",\"url\":\"https:\\\/\\\/secure.gravatar.com\\\/avatar\\\/c74d7d208ff53de21c94657153f5f1b051c5c3bea2ef11873bb6418d791b5124?s=96&d=mm&r=g\",\"contentUrl\":\"https:\\\/\\\/secure.gravatar.com\\\/avatar\\\/c74d7d208ff53de21c94657153f5f1b051c5c3bea2ef11873bb6418d791b5124?s=96&d=mm&r=g\",\"caption\":\"admin\"},\"logo\":{\"@id\":\"https:\\\/\\\/secure.gravatar.com\\\/avatar\\\/c74d7d208ff53de21c94657153f5f1b051c5c3bea2ef11873bb6418d791b5124?s=96&d=mm&r=g\"},\"sameAs\":[\"http:\\\/\\\/www.inzko.at\",\"https:\\\/\\\/www.linkedin.com\\\/in\\\/christian-inzko-a1824294\\\/\"]}]}<\/script>\n<!-- \/ Yoast SEO plugin. -->","yoast_head_json":{"title":"Datenschutzerkl\u00e4rung &#183; Mag. Christian Inzko","robots":{"index":"index","follow":"follow","max-snippet":"max-snippet:-1","max-image-preview":"max-image-preview:large","max-video-preview":"max-video-preview:-1"},"canonical":"https:\/\/www.inzko.at\/?page_id=124","og_locale":"de_DE","og_type":"article","og_title":"Datenschutzerkl\u00e4rung &#183; Mag. Christian Inzko","og_description":"Geltungsbereich Diese Datenschutzerkl\u00e4rung kl\u00e4rt Nutzer \u00fcber die Art, den Umfang und Zwecke der Erhebung und Verwendung personenbezogener Daten durch den verantwortlichen Anbieter Christian Inzko &#8211; Gerichtssachverst\u00e4ndiger, auf dieser [&hellip;]","og_url":"https:\/\/www.inzko.at\/?page_id=124","og_site_name":"Mag. Christian Inzko","article_modified_time":"2026-04-03T05:38:01+00:00","og_image":[{"width":325,"height":155,"url":"https:\/\/www.inzko.at\/wp-content\/uploads\/2018\/05\/dsgvo.png","type":"image\/png"}],"twitter_card":"summary_large_image","twitter_misc":{"Gesch\u00e4tzte Lesezeit":"6\u00a0Minuten"},"schema":{"@context":"https:\/\/schema.org","@graph":[{"@type":"WebPage","@id":"https:\/\/www.inzko.at\/?page_id=124","url":"https:\/\/www.inzko.at\/?page_id=124","name":"Datenschutzerkl\u00e4rung &#183; Mag. Christian Inzko","isPartOf":{"@id":"https:\/\/www.inzko.at\/#website"},"primaryImageOfPage":{"@id":"https:\/\/www.inzko.at\/?page_id=124#primaryimage"},"image":{"@id":"https:\/\/www.inzko.at\/?page_id=124#primaryimage"},"thumbnailUrl":"http:\/\/www.inzko.at\/wp-content\/uploads\/2018\/05\/dsgvo-300x143.png","datePublished":"2018-05-10T09:30:21+00:00","dateModified":"2026-04-03T05:38:01+00:00","breadcrumb":{"@id":"https:\/\/www.inzko.at\/?page_id=124#breadcrumb"},"inLanguage":"de","potentialAction":[{"@type":"ReadAction","target":["https:\/\/www.inzko.at\/?page_id=124"]}]},{"@type":"ImageObject","inLanguage":"de","@id":"https:\/\/www.inzko.at\/?page_id=124#primaryimage","url":"https:\/\/www.inzko.at\/wp-content\/uploads\/2018\/05\/dsgvo.png","contentUrl":"https:\/\/www.inzko.at\/wp-content\/uploads\/2018\/05\/dsgvo.png","width":325,"height":155},{"@type":"BreadcrumbList","@id":"https:\/\/www.inzko.at\/?page_id=124#breadcrumb","itemListElement":[{"@type":"ListItem","position":1,"name":"Startseite","item":"https:\/\/www.inzko.at\/"},{"@type":"ListItem","position":2,"name":"Datenschutzerkl\u00e4rung"}]},{"@type":"WebSite","@id":"https:\/\/www.inzko.at\/#website","url":"https:\/\/www.inzko.at\/","name":"Mag. Christian Inzko","description":"gerichtlich beeideter Sachverst\u00e4ndiger f\u00fcr IT","publisher":{"@id":"https:\/\/www.inzko.at\/#\/schema\/person\/a64cdb345fefde69fef6bbed6e1e2979"},"potentialAction":[{"@type":"SearchAction","target":{"@type":"EntryPoint","urlTemplate":"https:\/\/www.inzko.at\/?s={search_term_string}"},"query-input":{"@type":"PropertyValueSpecification","valueRequired":true,"valueName":"search_term_string"}}],"inLanguage":"de"},{"@type":["Person","Organization"],"@id":"https:\/\/www.inzko.at\/#\/schema\/person\/a64cdb345fefde69fef6bbed6e1e2979","name":"admin","image":{"@type":"ImageObject","inLanguage":"de","@id":"https:\/\/secure.gravatar.com\/avatar\/c74d7d208ff53de21c94657153f5f1b051c5c3bea2ef11873bb6418d791b5124?s=96&d=mm&r=g","url":"https:\/\/secure.gravatar.com\/avatar\/c74d7d208ff53de21c94657153f5f1b051c5c3bea2ef11873bb6418d791b5124?s=96&d=mm&r=g","contentUrl":"https:\/\/secure.gravatar.com\/avatar\/c74d7d208ff53de21c94657153f5f1b051c5c3bea2ef11873bb6418d791b5124?s=96&d=mm&r=g","caption":"admin"},"logo":{"@id":"https:\/\/secure.gravatar.com\/avatar\/c74d7d208ff53de21c94657153f5f1b051c5c3bea2ef11873bb6418d791b5124?s=96&d=mm&r=g"},"sameAs":["http:\/\/www.inzko.at","https:\/\/www.linkedin.com\/in\/christian-inzko-a1824294\/"]}]}},"_links":{"self":[{"href":"https:\/\/www.inzko.at\/index.php?rest_route=\/wp\/v2\/pages\/124","targetHints":{"allow":["GET"]}}],"collection":[{"href":"https:\/\/www.inzko.at\/index.php?rest_route=\/wp\/v2\/pages"}],"about":[{"href":"https:\/\/www.inzko.at\/index.php?rest_route=\/wp\/v2\/types\/page"}],"author":[{"embeddable":true,"href":"https:\/\/www.inzko.at\/index.php?rest_route=\/wp\/v2\/users\/1"}],"replies":[{"embeddable":true,"href":"https:\/\/www.inzko.at\/index.php?rest_route=%2Fwp%2Fv2%2Fcomments&post=124"}],"version-history":[{"count":3,"href":"https:\/\/www.inzko.at\/index.php?rest_route=\/wp\/v2\/pages\/124\/revisions"}],"predecessor-version":[{"id":128,"href":"https:\/\/www.inzko.at\/index.php?rest_route=\/wp\/v2\/pages\/124\/revisions\/128"}],"wp:attachment":[{"href":"https:\/\/www.inzko.at\/index.php?rest_route=%2Fwp%2Fv2%2Fmedia&parent=124"}],"curies":[{"name":"wp","href":"https:\/\/api.w.org\/{rel}","templated":true}]}}